{"id":350,"date":"2014-12-21T01:28:36","date_gmt":"2014-12-20T23:28:36","guid":{"rendered":"https:\/\/www.bubakov.net\/?page_id=350"},"modified":"2017-12-14T10:13:43","modified_gmt":"2017-12-14T09:13:43","slug":"o-nas","status":"publish","type":"page","link":"https:\/\/www.bubakov.net\/?page_id=350","title":{"rendered":"O n\u00e1s"},"content":{"rendered":"<p>Spolek bubakov.net spravuje elektronickou s\u00ed\u0165 spolku s&nbsp;p\u0159\u00edstupem na Internet vybudovanou pro pot\u0159eby jeho \u010dlen\u016f. Spolek bubakov.net nen\u00ed poskytovatelem ve\u0159ejn\u00fdch slu\u017eeb elektronick\u00fdch komunikac\u00ed ve smyslu z\u00e1kona \u010d. 127\/2005 Sb., o elektronick\u00fdch komunikac\u00edch.<\/p>\n<p>Ka\u017ed\u00fd \u010dlen m\u00e1 pr\u00e1vo nejen p\u0159ipojit se k&nbsp;s\u00edti bubakov.net, ale i pod\u00edlet se na vzd\u011bl\u00e1vac\u00edch, kulturn\u00edch a soci\u00e1ln\u00edch aktivit\u00e1ch spolku. V\u0161ichni jeho \u010dlenov\u00e9 maj\u00ed na sv\u00e9m \u010dlensk\u00e9m p\u0159ipojen\u00ed vyu\u017e\u00edvat i z\u00e1kladn\u00ed nab\u00eddky IPTV.<\/p>\n<p>To v\u0161e v&nbsp;r\u00e1mci \u010dlensk\u00e9ho m\u011bs\u00ed\u010dn\u00edho p\u0159\u00edsp\u011bvku.<\/p>\n<ul>\n<li><a href=\"\/?p=25\">Na\u0161e historie<\/a><\/li>\n<li><a href=\"\/?p=32%20\">Komunitn\u00ed aktivity<\/a><\/li>\n<li><a href=\"\/?page_id=971\">Chci se p\u0159idat<\/a><\/li>\n<li><a href=\"\/?page_id=962\">Z\u00e1kladn\u00ed dokumenty<\/a><\/li>\n<\/ul>\n","protected":false},"excerpt":{"rendered":"<p>Spolek bubakov.net spravuje elektronickou s\u00ed\u0165 spolku s&nbsp;p\u0159\u00edstupem na Internet vybudovanou pro pot\u0159eby jeho \u010dlen\u016f. Spolek bubakov.net nen\u00ed poskytovatelem ve\u0159ejn\u00fdch slu\u017eeb elektronick\u00fdch komunikac\u00ed ve smyslu z\u00e1kona \u010d. 127\/2005 Sb., o elektronick\u00fdch &#8230;<\/p>\n","protected":false},"author":1,"featured_media":0,"parent":0,"menu_order":0,"comment_status":"closed","ping_status":"closed","template":"","meta":{"inline_featured_image":false,"footnotes":""},"class_list":["post-350","page","type-page","status-publish","hentry"],"publishpress_future_workflow_manual_trigger":{"enabledWorkflows":[]},"_links":{"self":[{"href":"https:\/\/www.bubakov.net\/index.php?rest_route=\/wp\/v2\/pages\/350","targetHints":{"allow":["GET"]}}],"collection":[{"href":"https:\/\/www.bubakov.net\/index.php?rest_route=\/wp\/v2\/pages"}],"about":[{"href":"https:\/\/www.bubakov.net\/index.php?rest_route=\/wp\/v2\/types\/page"}],"author":[{"embeddable":true,"href":"https:\/\/www.bubakov.net\/index.php?rest_route=\/wp\/v2\/users\/1"}],"replies":[{"embeddable":true,"href":"https:\/\/www.bubakov.net\/index.php?rest_route=%2Fwp%2Fv2%2Fcomments&post=350"}],"version-history":[{"count":10,"href":"https:\/\/www.bubakov.net\/index.php?rest_route=\/wp\/v2\/pages\/350\/revisions"}],"predecessor-version":[{"id":1385,"href":"https:\/\/www.bubakov.net\/index.php?rest_route=\/wp\/v2\/pages\/350\/revisions\/1385"}],"wp:attachment":[{"href":"https:\/\/www.bubakov.net\/index.php?rest_route=%2Fwp%2Fv2%2Fmedia&parent=350"}],"curies":[{"name":"wp","href":"https:\/\/api.w.org\/{rel}","templated":true}]}}