{"id":944,"date":"2017-05-29T21:48:45","date_gmt":"2017-05-29T19:48:45","guid":{"rendered":"https:\/\/www.bubakov.net\/?page_id=944"},"modified":"2018-10-22T08:00:13","modified_gmt":"2018-10-22T06:00:13","slug":"komunita","status":"publish","type":"page","link":"https:\/\/www.bubakov.net\/?page_id=944","title":{"rendered":"Komunita"},"content":{"rendered":"<p>Mimo budov\u00e1n\u00ed a \u00fadr\u017eby komunitn\u00ed s\u00edt\u011b, se n\u00e1\u0161 spolek anga\u017eovai p\u0159i po\u0159\u00e1dn\u00ed dal\u0161\u00edch kulturn\u00edch a vzd\u011bl\u00e1vac\u00edch akc\u00edch. Zde uv\u00e1d\u00edme n\u011bkolik z&nbsp;nich<\/p>\n<p><b>Komunitn\u00ed centrum Bub\u00e1\u010dek<br \/>\n<\/b>V\u0161ichni \u010dlenov\u00e9 maj\u00ed mo\u017enost vyu\u017e\u00edvat prostor pro setk\u00e1v\u00e1n\u00ed s&nbsp;p\u0159\u00e1teli a dal\u0161\u00edmi \u010dleny v&nbsp;Bub\u00e1\u010dku. Zde se tak vytv\u00e1\u0159\u00ed prostor pro r\u016fznorod\u00e9 aktivity na\u0161ich \u010dlen\u016f a t\u00e9to mo\u017enosti je hojn\u011b vyu\u017e\u00edv\u00e1no. Mimo osobn\u00edch konzultac\u00ed \u010dlen\u016f se servisn\u00edmi techniky (pond\u011bl\u00ed dopoledne), se zde sch\u00e1zej\u00ed maminky s&nbsp;d\u011btmi \u00a0s programem, kter\u00fd si vz\u00e1jemn\u011b vytv\u00e1\u0159\u00ed (st\u0159ede\u010dn\u00ed d\u00edlny). Pravideln\u00e9 jsou ji\u017e i Mikul\u00e1\u0161sk\u00e9 bes\u00eddky.<br \/>\n<a href=\"\/?p=99\">Kalend\u00e1\u0159 akc\u00ed v&nbsp;Bub\u00e1\u010dku<\/a><\/p>\n<p><strong><a href=\"\/?cat=14\">Bub\u00e1kov \u010dte<\/a><br \/>\n<\/strong>v jedn\u00e9 z&nbsp;<a href=\"\/?cat=14\">rubrik<\/a> na\u0161ich str\u00e1nek se objevuj\u00ed upout\u00e1vky na zaj\u00edmav\u00e9 knihy, kter\u00e9 n\u00e1\u0161 spolek daruje novostra\u0161eck\u00e9 knihovn\u011b. \u00a0Auto\u0159i upout\u00e1vek jako odm\u011bnu za naps\u00e1n\u00ed upout\u00e1vky z\u00edsk\u00e1vaj\u00ed sv\u016fj v\u00fdtisk.<\/p>\n<p><strong><a href=\"?cat=17\">Mot\u00fdli na chv\u00edli &#8211; 10\/2018<\/a><br \/>\n<\/strong>Za\u010d\u00e1tkem \u0159\u00edjna 2018 doraz\u00ed do Bub\u00e1\u010dka kukly tropick\u00fdch mot\u00fdl\u016f. Ve speci\u00e1ln\u011b upraven\u00e9m d\u011btsk\u00e9m koutku by tak v&nbsp;pr\u016fb\u011bhu m\u011bs\u00edce \u0159\u00edjna mohli mot\u00fdli vyl\u00e9tat ze sv\u00fdch kukel a vyu\u017e\u00edt pro sv\u016fj kr\u00e1tk\u00fd \u017eivot p\u0159izp\u016fsoben\u00fd prostor. Z&nbsp;ulice by m\u011bli b\u00fdt vid\u011bt bez omezen\u00ed skrz prosklenou st\u011bnu. Dal\u0161\u00ed projekt pro radost.<\/p>\n<p><strong>Akce pro d\u011bti<br \/>\n<\/strong>V st\u0159edu b\u00fdv\u00e1 v&nbsp;V\u00fdtvarka Bub\u00e1\u010dku, kterou v&nbsp;r\u00e1mci na\u0161eho spolku zast\u0159e\u0161uje Pavla Hotsk\u00e1. Jako bonusy jsou pak p\u0159ipravov\u00e1ny jednor\u00e1zov\u00e9 akce. Sta\u010d\u00ed sledovat na na\u0161ich str\u00e1nk\u00e1ch v&nbsp;rubrice Novinky.<\/p>\n<p><b>Podpora technick\u00e9ho vzd\u011bl\u00e1v\u00e1n\u00ed na \u0161kol\u00e1ch<\/b><br \/>\nPravideln\u011b podporujeme novostra\u0161eckou z\u00e1kladn\u00ed \u0161kolu v&nbsp;po\u0159\u00e1d\u00e1n\u00ed exkurz\u00ed do science center.<\/p>\n<p><a href=\"http:\/\/www.sciencecafe.cz\/nove-straseci\/\"><b>Science Caf\u00e9<\/b><\/a><b><br \/>\n<\/b>P\u0159edn\u00e1\u0161ky a diskuse s&nbsp;v\u011bdci v&nbsp;Kav\u00e1rn\u011b Kaffka, kter\u00e9 podporujeme zejm\u00e9na zaji\u0161t\u011bn\u00edm technick\u00e9ho servisu.<\/p>\n<p><b>Setk\u00e1n\u00ed ve Stra\u0161ec\u00ed a D\u011btsk\u00e1 sc\u00e9na<\/b><br \/>\nKrajsk\u00e9 divadeln\u00ed p\u0159ehl\u00eddky, p\u0159i jejich po\u0159\u00e1d\u00e1n\u00ed spolupracujeme se Spolkem pro kulturn\u00ed \u010dinnost <a href=\"http:\/\/www.nostradivadlo.cz\">NoStraDivadlo<\/a>.<\/p>\n<p><b>LAN Party<br \/>\n<\/b>P\u0159ibli\u017en\u011b 4 x do roka se konaj\u00ed takov\u00e9 mal\u00e9 reminiscence z&nbsp;po\u010d\u00e1tku spolku, kde se p\u0159edev\u0161\u00edm hr\u00e1ly po s\u00edti hry. LAN Party v&nbsp;Bub\u00e1\u010dku tak naleznou v\u017edy to spr\u00e1vn\u00e9 prost\u0159ed\u00ed.<\/p>\n<p><b>Vzd\u011bl\u00e1v\u00e1n\u00ed a setk\u00e1v\u00e1n\u00ed<br \/>\n<\/b>Z\u00fa\u010dast\u0148ujeme se telekomunika\u010dn\u00edch konferenc\u00ed a workshop\u016f (Kam kr\u00e1\u010dej\u00ed telekomunika\u010dn\u00ed s\u00edt\u011b, NGA s\u00edt\u011b apod.), ale i vzd\u011bl\u00e1vac\u00edch akc\u00ed mimo oblast elektronick\u00e9 komunikace &#8211; workshopy pro pedagogy, podpora muzejn\u00ed expozice (Muzeum hlavn\u00edho m\u011bsta Praha &#8211; d\u016fm U Zlat\u00e9ho prstenu &#8211; d\u011btsk\u00e9 muzeum). Prost\u011b hled\u00e1me cestu, jak se neust\u00e1le zlep\u0161ovat, a to jak v&nbsp;komunikaci s&nbsp;na\u0161imi \u010dleny, tak v&nbsp;komunikaci mimo na\u0161\u00ed \u010dlenskou z\u00e1kladnu.<\/p>\n<p><b>J\u00eddlo<br \/>\n<\/b>T\u00e9m\u011b\u0159 p\u0159i ka\u017ed\u00e9 \u010dinnosti hodn\u011b j\u00edme nebo alespo\u0148 mls\u00e1me. A to dost \ud83d\ude42<\/p>\n<p><strong><span style=\"color: #ff0000;\">U\u017d BYLO<\/span><\/strong><\/p>\n<p><strong><b>Vz\u00e1jemn\u00e1 pomoc p\u0159i hl\u00edd\u00e1n\u00ed d\u011bt\u00ed<br \/>\n<\/b><\/strong>Pravideln\u011b v&nbsp;pond\u011bl\u00ed a ve st\u0159edu se v&nbsp;Bub\u00e1\u010dku sch\u00e1zely maminky s&nbsp;d\u011btmi a neform\u00e1ln\u011b si pom\u00e1haly p\u0159i hl\u00edd\u00e1n\u00ed sv\u00fdch potomk\u016f, aby si mohly za\u0159\u00eddit sv\u00e9 dal\u0161\u00ed osobn\u00ed z\u00e1le\u017eitosti.<\/p>\n","protected":false},"excerpt":{"rendered":"<p>Mimo budov\u00e1n\u00ed a \u00fadr\u017eby komunitn\u00ed s\u00edt\u011b, se n\u00e1\u0161 spolek anga\u017eovai p\u0159i po\u0159\u00e1dn\u00ed dal\u0161\u00edch kulturn\u00edch a vzd\u011bl\u00e1vac\u00edch akc\u00edch. Zde uv\u00e1d\u00edme n\u011bkolik z&nbsp;nich Komunitn\u00ed centrum Bub\u00e1\u010dek V\u0161ichni \u010dlenov\u00e9 maj\u00ed mo\u017enost vyu\u017e\u00edvat prostor &#8230;<\/p>\n","protected":false},"author":5,"featured_media":945,"parent":0,"menu_order":0,"comment_status":"closed","ping_status":"closed","template":"template_parts\/page-sluzby.php","meta":{"inline_featured_image":false,"footnotes":""},"class_list":["post-944","page","type-page","status-publish","has-post-thumbnail","hentry"],"publishpress_future_workflow_manual_trigger":{"enabledWorkflows":[]},"_links":{"self":[{"href":"https:\/\/www.bubakov.net\/index.php?rest_route=\/wp\/v2\/pages\/944","targetHints":{"allow":["GET"]}}],"collection":[{"href":"https:\/\/www.bubakov.net\/index.php?rest_route=\/wp\/v2\/pages"}],"about":[{"href":"https:\/\/www.bubakov.net\/index.php?rest_route=\/wp\/v2\/types\/page"}],"author":[{"embeddable":true,"href":"https:\/\/www.bubakov.net\/index.php?rest_route=\/wp\/v2\/users\/5"}],"replies":[{"embeddable":true,"href":"https:\/\/www.bubakov.net\/index.php?rest_route=%2Fwp%2Fv2%2Fcomments&post=944"}],"version-history":[{"count":19,"href":"https:\/\/www.bubakov.net\/index.php?rest_route=\/wp\/v2\/pages\/944\/revisions"}],"predecessor-version":[{"id":2088,"href":"https:\/\/www.bubakov.net\/index.php?rest_route=\/wp\/v2\/pages\/944\/revisions\/2088"}],"wp:featuredmedia":[{"embeddable":true,"href":"https:\/\/www.bubakov.net\/index.php?rest_route=\/wp\/v2\/media\/945"}],"wp:attachment":[{"href":"https:\/\/www.bubakov.net\/index.php?rest_route=%2Fwp%2Fv2%2Fmedia&parent=944"}],"curies":[{"name":"wp","href":"https:\/\/api.w.org\/{rel}","templated":true}]}}