{"id":949,"date":"2017-05-29T21:49:51","date_gmt":"2017-05-29T19:49:51","guid":{"rendered":"https:\/\/www.bubakov.net\/?page_id=949"},"modified":"2025-09-22T09:52:32","modified_gmt":"2025-09-22T07:52:32","slug":"online-tv","status":"publish","type":"page","link":"https:\/\/www.bubakov.net\/?page_id=949","title":{"rendered":"Online TV"},"content":{"rendered":"<p>Spolek bubakov.net proch\u00e1z\u00ed obddob\u00edm zm\u011bn sv\u00fdch aktivit. TV pro \u010dleny je jednou z&nbsp;t\u011bch, kter\u00fdm se ji\u017e nad\u00e1le nebude v\u011bnovat. N\u00ed\u017ee naleznete ji\u017e jen popis toho, z&nbsp;\u010deho se z&nbsp;titulu sv\u00e9ho \u010dlenstv\u00ed &#8222;bub\u00e1ci&#8220; mohli radovat.<\/p>\n<p>______________________<\/p>\n<p><strong><span style=\"color: #ff0000;\">(text, kter\u00fd ji\u017e zcela neplat\u00ed)<\/span><\/strong><\/p>\n<p><a href=\"http:\/\/sledovanitv.cz\"><img loading=\"lazy\" decoding=\"async\" class=\"alignleft wp-image-482\" src=\"https:\/\/www.bubakov.net\/wp-content\/uploads\/2015\/10\/sledovanitv-na_svetle-595x108.png\" alt=\"sledovanitv-na_svetle\" width=\"242\" height=\"44\" srcset=\"https:\/\/www.bubakov.net\/wp-content\/uploads\/2015\/10\/sledovanitv-na_svetle-595x108.png 595w, https:\/\/www.bubakov.net\/wp-content\/uploads\/2015\/10\/sledovanitv-na_svetle-960x175.png 960w, https:\/\/www.bubakov.net\/wp-content\/uploads\/2015\/10\/sledovanitv-na_svetle.png 1603w\" sizes=\"auto, (max-width: 242px) 100vw, 242px\" \/><\/a>Ka\u017ed\u00fd \u010dlen Spolku bubakov.net m\u00e1 mo\u017enost z&nbsp;titulu sv\u00e9ho \u010dlenstv\u00ed vyu\u017e\u00edt slu\u017eeb <a href=\"http:\/\/www.sledovanitv.cz\">www.sledovanitv.cz<\/a>. Ta po jednoduch\u00e9 registraci umo\u017e\u0148uje sledovat TV programy jak prost\u0159ednictv\u00edm PC, notebook\u016f i telefon\u016f p\u0159ipojen\u00fdch k&nbsp;s\u00edti spolku, tak prost\u0159ednictv\u00edm klasick\u00fdch televiz\u00ed s&nbsp;pomoc\u00ed speci\u00e1ln\u00edch set-top-box\u016f (v&nbsp;p\u0159\u00edpad\u011b n\u011bkter\u00fdch televiz\u00ed LG a Samsung i bez nich).<!--more--><\/p>\n<p>V sou\u010dasn\u00e9 dob\u011b maj\u00ed \u010dlenov\u00e9 bubakov.net mo\u017enost sledovat ze s\u00edt\u011b spolku z\u00e1kladn\u00ed televizn\u00ed programy uveden\u00e9 n\u00ed\u017ee. K&nbsp;vyu\u017eit\u00ed slu\u017eeb je pot\u0159eba se zaregistrovat na port\u00e1lu <a href=\"http:\/\/www.sledovanitv.cz\">www.sledovanitv.cz<\/a>. Z&nbsp;t\u00e9\u017ee adresy je mo\u017en\u00e9 tak\u00e9 televizn\u00ed vys\u00edl\u00e1n\u00ed sledovat, jako\u017e si na n\u00ed objedn\u00e1vat i dal\u0161\u00ed bal\u00ed\u010dky program\u016f.<\/p>\n<h3>\u010clensk\u00fd bal\u00ed\u010dek program\u016f zdarma<\/h3>\n<p>Po registraci p\u0159\u00edstupn\u00e1 ka\u017ed\u00e9mu \u010dlenu Spolku bubakov.net ze s\u00edt\u011b tohoto spolku bez poplatku:<\/p>\n<div class=\"channel_list\">\n<div style=\"background: url(http\\:\\\/\\\/sledovanitv\\.cz\\\/cache\\\/logos\\\/ct1\\.png) no-repeat center center; width: 55px; height: 45px; float: left;\" title=\"\u010cT1\"><\/div>\n<div style=\"background: url(http\\:\\\/\\\/sledovanitv\\.cz\\\/cache\\\/logos\\\/ct2\\.png) no-repeat center center; width: 55px; height: 45px; float: left;\" title=\"\u010cT2\"><\/div>\n<div style=\"background: url(http\\:\\\/\\\/sledovanitv\\.cz\\\/cache\\\/logos\\\/ctdecko\\.png) no-repeat center center; width: 55px; height: 45px; float: left;\" title=\"D\u00e9\u010dko\"><\/div>\n<div style=\"background: url(http\\:\\\/\\\/sledovanitv\\.cz\\\/cache\\\/logos\\\/ct4sport\\.png) no-repeat center center; width: 55px; height: 45px; float: left;\" title=\"\u010cT Sport\"><\/div>\n<div style=\"background: url(http\\:\\\/\\\/sledovanitv\\.cz\\\/cache\\\/logos\\\/ctart\\.png) no-repeat center center; width: 55px; height: 45px; float: left;\" title=\"\u010cT art\"><\/div>\n<div style=\"background: url(http\\:\\\/\\\/sledovanitv\\.cz\\\/cache\\\/logos\\\/ct24\\.png) no-repeat center center; width: 55px; height: 45px; float: left;\" title=\"\u010cT24\"><\/div>\n<div style=\"background: url(http\\:\\\/\\\/sledovanitv\\.cz\\\/cache\\\/logos\\\/primafamily\\.png) no-repeat center center; width: 55px; height: 45px; float: left;\" title=\"Prima\"><\/div>\n<div style=\"background: url(http\\:\\\/\\\/sledovanitv\\.cz\\\/cache\\\/logos\\\/primacool\\.png) no-repeat center center; width: 55px; height: 45px; float: left;\" title=\"Prima COOL\"><\/div>\n<div style=\"background: url(http\\:\\\/\\\/sledovanitv\\.cz\\\/cache\\\/logos\\\/primalove\\.png) no-repeat center center; width: 55px; height: 45px; float: left;\" title=\"Prima Love\"><\/div>\n<div style=\"background: url(http\\:\\\/\\\/sledovanitv\\.cz\\\/cache\\\/logos\\\/primazoom\\.png) no-repeat center center; width: 55px; height: 45px; float: left;\" title=\"Prima Zoom\"><\/div>\n<div style=\"background: url(http\\:\\\/\\\/sledovanitv\\.cz\\\/cache\\\/logos\\\/prima_max\\.png) no-repeat center center; width: 55px; height: 45px; float: left;\" title=\"Prima Max\"><\/div>\n<div style=\"background: url(http\\:\\\/\\\/sledovanitv\\.cz\\\/cache\\\/logos\\\/primacomedy\\.png) no-repeat center center; width: 55px; height: 45px; float: left;\" title=\"Prima Comedy Central\"><\/div>\n<div style=\"background: url(http\\:\\\/\\\/sledovanitv\\.cz\\\/cache\\\/logos\\\/stv1\\.png) no-repeat center center; width: 55px; height: 45px; float: left;\" title=\"Jednotka\"><\/div>\n<div style=\"background: url(http\\:\\\/\\\/sledovanitv\\.cz\\\/cache\\\/logos\\\/stv2\\.png) no-repeat center center; width: 55px; height: 45px; float: left;\" title=\"Dvojka\"><\/div>\n<div style=\"background: url(http\\:\\\/\\\/sledovanitv\\.cz\\\/cache\\\/logos\\\/jojfamily\\.png) no-repeat center center; width: 55px; height: 45px; float: left;\" title=\"JOJ Family\"><\/div>\n<div style=\"background: url(http\\:\\\/\\\/sledovanitv\\.cz\\\/cache\\\/logos\\\/ocko\\.png) no-repeat center center; width: 55px; height: 45px; float: left;\" title=\"\u00d3\u010dko\"><\/div>\n<div style=\"background: url(http\\:\\\/\\\/sledovanitv\\.cz\\\/cache\\\/logos\\\/ockogold\\.png) no-repeat center center; width: 55px; height: 45px; float: left;\" title=\"\u00d3\u010dko Gold\"><\/div>\n<div style=\"background: url(http\\:\\\/\\\/sledovanitv\\.cz\\\/cache\\\/logos\\\/ocko_express\\.png) no-repeat center center; width: 55px; height: 45px; float: left;\" title=\"\u00d3\u010dko Expres\"><\/div>\n<div style=\"background: url(http\\:\\\/\\\/sledovanitv\\.cz\\\/cache\\\/logos\\\/barrandov\\.png) no-repeat center center; width: 55px; height: 45px; float: left;\" title=\"TV Barrandov\"><\/div>\n<div style=\"background: url(http\\:\\\/\\\/sledovanitv\\.cz\\\/cache\\\/logos\\\/barrandovplus\\.png) no-repeat center center; width: 55px; height: 45px; float: left;\" title=\"Barrandov Plus\"><\/div>\n<div style=\"background: url(http\\:\\\/\\\/sledovanitv\\.cz\\\/cache\\\/logos\\\/kinobarrandov\\.png) no-repeat center center; width: 55px; height: 45px; float: left;\" title=\"Kino Barrandov\"><\/div>\n<div style=\"background: url(http\\:\\\/\\\/sledovanitv\\.cz\\\/cache\\\/logos\\\/barrandov_muzika\\.png) no-repeat center center; width: 55px; height: 45px; float: left;\" title=\"Barrandov Family\"><\/div>\n<div style=\"background: url(http\\:\\\/\\\/sledovanitv\\.cz\\\/cache\\\/logos\\\/slovak_sport2\\.png) no-repeat center center; width: 55px; height: 45px; float: left;\" title=\"Arena sport 2\"><\/div>\n<div style=\"background: url(http\\:\\\/\\\/sledovanitv\\.cz\\\/cache\\\/logos\\\/sport5\\.png) no-repeat center center; width: 55px; height: 45px; float: left;\" title=\"Sport 5\"><\/div>\n<div style=\"background: url(http\\:\\\/\\\/sledovanitv\\.cz\\\/cache\\\/logos\\\/pohoda\\.png) no-repeat center center; width: 55px; height: 45px; float: left;\" title=\"Relax\"><\/div>\n<div style=\"background: url(http\\:\\\/\\\/sledovanitv\\.cz\\\/cache\\\/logos\\\/rebel\\.png) no-repeat center center; width: 55px; height: 45px; float: left;\" title=\"Rebel\"><\/div>\n<div style=\"background: url(http\\:\\\/\\\/sledovanitv\\.cz\\\/cache\\\/logos\\\/retro\\.png) no-repeat center center; width: 55px; height: 45px; float: left;\" title=\"Retro\"><\/div>\n<div style=\"background: url(http\\:\\\/\\\/sledovanitv\\.cz\\\/cache\\\/logos\\\/kinosvet\\.png) no-repeat center center; width: 55px; height: 45px; float: left;\" title=\"Kino Sv\u011bt\"><\/div>\n<div style=\"background: url(http\\:\\\/\\\/sledovanitv\\.cz\\\/cache\\\/logos\\\/Polar\\.png) no-repeat center center; width: 55px; height: 45px; float: left;\" title=\"Polar\"><\/div>\n<div style=\"background: url(http\\:\\\/\\\/sledovanitv\\.cz\\\/cache\\\/logos\\\/oik\\.png) no-repeat center center; width: 55px; height: 45px; float: left;\" title=\"OIK TV\"><\/div>\n<div style=\"background: url(http\\:\\\/\\\/sledovanitv\\.cz\\\/cache\\\/logos\\\/tvnoe\\.png) no-repeat center center; width: 55px; height: 45px; float: left;\" title=\"TV Noe\"><\/div>\n<div style=\"background: url(http\\:\\\/\\\/sledovanitv\\.cz\\\/cache\\\/logos\\\/slagr\\.png) no-repeat center center; width: 55px; height: 45px; float: left;\" title=\"\u0160l\u00e1gr TV\"><\/div>\n<div style=\"background: url(http\\:\\\/\\\/sledovanitv\\.cz\\\/cache\\\/logos\\\/polsatsport\\.png) no-repeat center center; width: 55px; height: 45px; float: left;\" title=\"Super Polsat\"><\/div>\n<div style=\"background: url(http\\:\\\/\\\/sledovanitv\\.cz\\\/cache\\\/logos\\\/polsat\\.png) no-repeat center center; width: 55px; height: 45px; float: left;\" title=\"Polsat\"><\/div>\n<div style=\"background: url(http\\:\\\/\\\/sledovanitv\\.cz\\\/cache\\\/logos\\\/orf1\\.png) no-repeat center center; width: 55px; height: 45px; float: left;\" title=\"ORF eins\"><\/div>\n<div style=\"background: url(http\\:\\\/\\\/sledovanitv\\.cz\\\/cache\\\/logos\\\/orf2\\.png) no-repeat center center; width: 55px; height: 45px; float: left;\" title=\"ORF zwei\"><\/div>\n<div style=\"background: url(http\\:\\\/\\\/sledovanitv\\.cz\\\/cache\\\/logos\\\/regiotv\\.png) no-repeat center center; width: 55px; height: 45px; float: left;\" title=\"regionalnitelevize.cz\"><\/div>\n<div style=\"background: url(http\\:\\\/\\\/sledovanitv\\.cz\\\/cache\\\/logos\\\/france24\\.png) no-repeat center center; width: 55px; height: 45px; float: left;\" title=\"France 24\"><\/div>\n<div style=\"background: url(http\\:\\\/\\\/sledovanitv\\.cz\\\/cache\\\/logos\\\/russiatoday\\.png) no-repeat center center; width: 55px; height: 45px; float: left;\" title=\"Russia Today\"><\/div>\n<div style=\"background: url(http\\:\\\/\\\/sledovanitv\\.cz\\\/cache\\\/logos\\\/rt_doc\\.png) no-repeat center center; width: 55px; height: 45px; float: left;\" title=\"RT Documentary\"><\/div>\n<div style=\"background: url(http\\:\\\/\\\/sledovanitv\\.cz\\\/cache\\\/logos\\\/ta3\\.png) no-repeat center center; width: 55px; height: 45px; float: left;\" title=\"TA3\"><\/div>\n<div style=\"background: url(http\\:\\\/\\\/sledovanitv\\.cz\\\/cache\\\/logos\\\/mnamtv\\.png) no-repeat center center; width: 55px; height: 45px; float: left;\" title=\"TV M\u0148am\"><\/div>\n<div style=\"background: url(http\\:\\\/\\\/sledovanitv\\.cz\\\/cache\\\/logos\\\/mnau\\.png) no-repeat center center; width: 55px; height: 45px; float: left;\" title=\"TV M\u0148au\"><\/div>\n<div style=\"background: url(http\\:\\\/\\\/sledovanitv\\.cz\\\/cache\\\/logos\\\/filmpro\\.png) no-repeat center center; width: 55px; height: 45px; float: left;\" title=\"Filmpro\"><\/div>\n<div style=\"background: url(http\\:\\\/\\\/sledovanitv\\.cz\\\/cache\\\/logos\\\/tvp1\\.png) no-repeat center center; width: 55px; height: 45px; float: left;\" title=\"TVP 1\"><\/div>\n<div style=\"background: url(http\\:\\\/\\\/sledovanitv\\.cz\\\/cache\\\/logos\\\/tvp2\\.png) no-repeat center center; width: 55px; height: 45px; float: left;\" title=\"TVP 2\"><\/div>\n<div style=\"background: url(http\\:\\\/\\\/sledovanitv\\.cz\\\/cache\\\/logos\\\/tvp3\\.png) no-repeat center center; width: 55px; height: 45px; float: left;\" title=\"TVP 3\"><\/div>\n<div style=\"background: url(http\\:\\\/\\\/sledovanitv\\.cz\\\/cache\\\/logos\\\/mto\\.png) no-repeat center center; width: 55px; height: 45px; float: left;\" title=\"M\u011bstsk\u00e1 televize Otrokovice\"><\/div>\n<div style=\"background: url(http\\:\\\/\\\/sledovanitv\\.cz\\\/cache\\\/logos\\\/k213\\.png) no-repeat center center; width: 55px; height: 45px; float: left;\" title=\"213\"><\/div>\n<div style=\"background: url(http\\:\\\/\\\/sledovanitv\\.cz\\\/cache\\\/logos\\\/fireplace\\.png) no-repeat center center; width: 55px; height: 45px; float: left;\" title=\"Krb\"><\/div>\n<\/div>\n<div style=\"background: url(http\\:\\\/\\\/sledovanitv\\.cz\\\/cache\\\/logos\\\/aquarium\\.png) no-repeat center center; width: 55px; height: 45px; float: left;\" title=\"Akv\u00e1rium\"><\/div>\n<div title=\"Akv\u00e1rium\"><\/div>\n<div title=\"Akv\u00e1rium\"><\/div>\n<div title=\"Akv\u00e1rium\"><\/div>\n<div title=\"Akv\u00e1rium\"><\/div>\n<div title=\"Akv\u00e1rium\"><\/div>\n<div class=\"channel_list\"><\/div>\n<div title=\"Akv\u00e1rium\"><\/div>\n<h3>V\u00fdb\u011br z&nbsp;bal\u00ed\u010dk\u016f, kter\u00e9 je mo\u017eno dokupovat:<\/h3>\n<div title=\"Akv\u00e1rium\">\n<p><strong>Basic :<\/strong>Velmi vhodn\u011b roz\u0161i\u0159uje z\u00e1kladn\u00ed \u010desk\u00e9 kan\u00e1ly o stanice zam\u011b\u0159en\u00fdch na filmy, dokumenty, sport a celou rodinu bez zbyte\u010dn\u00fdch v\u00fddaj\u016f na zvl\u00e1\u0161\u0165 zpoplatn\u011bn\u00e9 kan\u00e1ly. D\u00edky BASIC se cel\u00e1 Va\u0161e rodina bude moci v\u017edy d\u00edvat, na co bude cht\u00edt. Sou\u010d\u00e1st\u00ed bal\u00ed\u010dku je filmot\u00e9ka.<\/p>\n<p class=\"channel-groups\"><em><span class=\"group-container main\" title=\"44 celkem\"><span class=\"group-value\">44<\/span>\u00a0<span class=\"group-header\">celkem<\/span><\/span>\u00a0z toho\u00a0<span class=\"group-container main\" title=\"16 kan\u00e1l\u016f v HD\"><span class=\"group-value\">16<\/span>\u00a0<span class=\"group-header\">kan\u00e1l\u016f v&nbsp;HD*<\/span><\/span>\u00a0<span class=\"group-container movie\" title=\"6x Filmov\u00e9\"><span class=\"group-value\">6<\/span>\u00a0<span class=\"group-header\">Filmov\u00e9<\/span><\/span>\u00a0<span class=\"group-container documentary\" title=\"12x Dokument\u00e1rn\u00ed\"><span class=\"group-value\">12<\/span>\u00a0<span class=\"group-header\">Dokument\u00e1rn\u00ed<\/span><\/span>\u00a0<span class=\"group-container sport\" title=\"5x Sportovn\u00ed\"><span class=\"group-value\">5<\/span>\u00a0<span class=\"group-header\">Sportovn\u00ed<\/span><\/span><span class=\"group-container general\" title=\"1x Hlavn\u00ed\"><span class=\"group-value\">1<\/span>\u00a0<span class=\"group-header\">Hlavn\u00ed<\/span><\/span>\u00a0<span class=\"group-container music\" title=\"4x Hudba &amp; \u017eivotn\u00ed styl\"><span class=\"group-value\">4<\/span>\u00a0<span class=\"group-header\">Hudba &amp; \u017eivotn\u00ed styl<\/span><\/span>\u00a0<span class=\"group-container children\" title=\"8x D\u011btsk\u00e9\"><span class=\"group-value\">8<\/span>\u00a0<span class=\"group-header\">D\u011btsk\u00e9<\/span><\/span>\u00a0<span class=\"group-container news\" title=\"1x Novinky\"><span class=\"group-value\">1<\/span>\u00a0<span class=\"group-header\">Novinky<\/span><\/span>\u00a0<span class=\"group-container foreign\" title=\"5x Zahrani\u010dn\u00ed\"><span class=\"group-value\">5<\/span>\u00a0<span class=\"group-header\">Zahrani\u010dn\u00ed<\/span><\/span><\/em><\/p>\n<p><strong>Sport:<\/strong>Nab\u00eddne V\u00e1m v\u0161echny mo\u017en\u00e9 sporty a u\u017e V\u00e1m nikdy neunikne \u017e\u00e1dn\u00e9 mistrovstv\u00ed a \u017e\u00e1dn\u00e1 z&nbsp;obl\u00edben\u00fdch lig.<\/p>\n<p><em>9 program\u016f<\/em><\/p>\n<\/div>\n<p><strong>Dokument\u00e1rn\u00ed<\/strong> : nov\u00e9 pohledy na ud\u00e1losti sv\u011btov\u00fdch d\u011bjin, portr\u00e9ty v\u00fdznamn\u00fdch osobnost\u00ed, report\u00e1\u017ee z&nbsp;nedostupn\u00fdch m\u00edst a exotick\u00fdch zem\u00ed, ty nejlep\u0161\u00ed z\u00e1b\u011bry ze sv\u011bta divok\u00fdch i dom\u00e1c\u00edch zv\u00ed\u0159at.<\/p>\n<div class=\"channel-groups\"><em><span class=\"group-container main\" title=\"9 celkem\"><span class=\"group-value\">9<\/span>\u00a0<span class=\"group-header\">celkem<\/span><\/span>\u00a0\u00a0z toho\u00a0<span class=\"group-container documentary\" title=\"7x Dokument\u00e1rn\u00ed\"><span class=\"group-value\">7<\/span>\u00a0<span class=\"group-header\">Dokument\u00e1rn\u00ed<\/span><\/span>\u00a0<span class=\"group-container sport\" title=\"1x Sportovn\u00ed\"><span class=\"group-value\">1<\/span>\u00a0<span class=\"group-header\">Sportovn\u00ed<\/span><\/span><\/em><\/div>\n<div><\/div>\n<div><strong>MAXI:\u00a0<\/strong><span style=\"font-size: 1.6rem;\">\u00a0filmy, dokumenty, po\u0159ady pro d\u011bti i pro dosp\u011bl\u00e9, hudba a sport od s\u00edt\u00ed Discovery, FilmBox, HBO a mnoha dal\u0161\u00edch.\u00a0 Sou\u010d\u00e1st\u00ed bal\u00ed\u010dku je filmot\u00e9ka.<\/span><\/div>\n<div>\n<div><\/div>\n<div class=\"channel-groups\"><em><span class=\"group-container main\" title=\"76 celkem\"><span class=\"group-value\">76<\/span>\u00a0<span class=\"group-header\">celkem<\/span><\/span>\u00a0z toho\u00a0<span class=\"group-container main\" title=\"32 kan\u00e1l\u016f v HD\"><span class=\"group-value\">32<\/span>\u00a0<span class=\"group-header\">kan\u00e1l\u016f v&nbsp;HD*<\/span><\/span>\u00a0<span class=\"group-container sport\" title=\"12x Sportovn\u00ed\"><span class=\"group-value\">12<\/span>\u00a0<span class=\"group-header\">Sportovn\u00ed<\/span><\/span>\u00a0<span class=\"group-container movie\" title=\"16x Filmov\u00e9\"><span class=\"group-value\">16<\/span>\u00a0<span class=\"group-header\">Filmov\u00e9<\/span><\/span>\u00a0<span class=\"group-container documentary\" title=\"15x Dokument\u00e1rn\u00ed\"><span class=\"group-value\">15<\/span>\u00a0<span class=\"group-header\">Dokument\u00e1rn\u00ed<\/span><\/span><span class=\"group-container general\" title=\"1x Hlavn\u00ed\"><span class=\"group-value\">1<\/span>\u00a0<span class=\"group-header\">Hlavn\u00ed<\/span><\/span>\u00a0<span class=\"group-container music\" title=\"6x Hudba &amp; \u017eivotn\u00ed styl\"><span class=\"group-value\">6<\/span>\u00a0<span class=\"group-header\">Hudba &amp; \u017eivotn\u00ed styl<\/span><\/span>\u00a0<span class=\"group-container children\" title=\"9x D\u011btsk\u00e9\"><span class=\"group-value\">9<\/span>\u00a0<span class=\"group-header\">D\u011btsk\u00e9<\/span><\/span>\u00a0<span class=\"group-container news\" title=\"1x Novinky\"><span class=\"group-value\">1<\/span>\u00a0<span class=\"group-header\">Novinky<\/span><\/span>\u00a0<span class=\"group-container foreign\" title=\"5x Zahrani\u010dn\u00ed\"><span class=\"group-value\">5<\/span>\u00a0<span class=\"group-header\">Zahrani\u010dn\u00ed<\/span><\/span><span class=\"group-container erotic\" title=\"5x Erotick\u00e9\"><span class=\"group-value\">5<\/span>\u00a0<span class=\"group-header\">Erotick\u00e9<\/span><\/span><\/em><\/div>\n<\/div>\n<div>\n<p><strong>Zp\u011btn\u00e9 p\u0159ehr\u00e1v\u00e1n\u00ed a\u017e 7&nbsp;dn\u00ed + Nahr\u00e1vky 50 hodin + NP+: a<\/strong><span style=\"font-size: 1.6rem;\">ktivujte si mo\u017enost zp\u011btn\u00e9ho sledov\u00e1n\u00ed a\u017e 7&nbsp;dn\u00ed a 50 hodin nahr\u00e1vek u v\u0161ech kan\u00e1l\u016f, kter\u00e9 m\u00e1te aktivn\u00ed.\u00a0 U kan\u00e1l\u016f skupiny Nova, Prima, \u010cT a HBO m\u016f\u017eete sledovat po\u0159ady a\u017e 7&nbsp;dn\u00ed zp\u011btn\u011b.<\/span><\/p>\n<p><strong>FilmBox:\u00a0 <\/strong><span style=\"font-size: 1.6rem;\">filmov\u00e9 kan\u00e1ly FilmBox zahrnuj\u00edc\u00ed velkofilmy, filmy pro n\u00e1ro\u010dn\u00e9ho div\u00e1ka, z\u00e1bavu pro celou rodinu i pro dosp\u011bl\u00e9, bojov\u00e1 um\u011bn\u00ed i dokumenty, hudbu i m\u00f3du.<\/span><\/p>\n<div id=\"snippet-serviceInfo-44-sluzba\">\n<div class=\"channel-groups\"><em><span class=\"group-container main\" title=\"13 celkem\"><span class=\"group-value\">13<\/span>\u00a0<span class=\"group-header\">celkem<\/span><\/span>\u00a0z toho\u00a0<span class=\"group-container main\" title=\"6 kan\u00e1l\u016f v HD\"><span class=\"group-value\">6<\/span>\u00a0<span class=\"group-header\">kan\u00e1l\u016f v&nbsp;HD*<\/span><\/span>\u00a0<span class=\"group-container movie\" title=\"5x Filmov\u00e9\"><span class=\"group-value\">5<\/span>\u00a0<span class=\"group-header\">Filmov\u00e9<\/span><\/span>\u00a0<span class=\"group-container sport\" title=\"2x Sportovn\u00ed\"><span class=\"group-value\">2<\/span>\u00a0<span class=\"group-header\">Sportovn\u00ed<\/span><\/span>\u00a0<span class=\"group-container erotic\" title=\"2x Erotick\u00e9\"><span class=\"group-value\">2<\/span>\u00a0<span class=\"group-header\">Erotick\u00e9<\/span><\/span><span class=\"group-container music\" title=\"2x Hudba &amp; \u017eivotn\u00ed styl\"><span class=\"group-value\">2<\/span>\u00a0<span class=\"group-header\">Hudba &amp; \u017eivotn\u00ed styl<\/span><\/span>\u00a0<span class=\"group-container documentary\" title=\"1x Dokument\u00e1rn\u00ed\"><span class=\"group-value\">1<\/span>\u00a0<span class=\"group-header\">Dokument\u00e1rn\u00ed<\/span><\/span><\/em><\/div>\n<\/div>\n<\/div>\n<div>\n<p><strong>MAX: <\/strong><span style=\"font-size: 1.6rem;\">\u00a0filmy, dokumenty, po\u0159ady pro d\u011bti i pro dosp\u011bl\u00e9, hudba a sport od s\u00edt\u00ed Discovery a mnoha dal\u0161\u00edch.\u00a0<\/span><\/p>\n<div id=\"snippet-serviceInfo-2190-sluzba\">\n<div class=\"channel-groups\"><em><span class=\"group-container main\" title=\"61 celkem\"><span class=\"group-value\">61<\/span>\u00a0<span class=\"group-header\">celkem z&nbsp;toho\u00a0<\/span><\/span><span class=\"group-container main\" title=\"23 kan\u00e1l\u016f v HD\"><span class=\"group-value\">23<\/span>\u00a0<span class=\"group-header\">kan\u00e1l\u016f v&nbsp;HD*<\/span><\/span>\u00a0<span class=\"group-container sport\" title=\"10x Sportovn\u00ed\"><span class=\"group-value\">10<\/span>\u00a0<span class=\"group-header\">Sportovn\u00ed<\/span><\/span>\u00a0<span class=\"group-container movie\" title=\"9x Filmov\u00e9\"><span class=\"group-value\">9<\/span>\u00a0<span class=\"group-header\">Filmov\u00e9<\/span><\/span>\u00a0<span class=\"group-container documentary\" title=\"14x Dokument\u00e1rn\u00ed\"><span class=\"group-value\">14<\/span>\u00a0<span class=\"group-header\">Dokument\u00e1rn\u00ed<\/span><\/span><span class=\"group-container general\" title=\"1x Hlavn\u00ed\"><span class=\"group-value\">1<\/span>\u00a0<span class=\"group-header\">Hlavn\u00ed<\/span><\/span>\u00a0<span class=\"group-container music\" title=\"4x Hudba &amp; \u017eivotn\u00ed styl\"><span class=\"group-value\">4<\/span>\u00a0<span class=\"group-header\">Hudba &amp; \u017eivotn\u00ed styl<\/span><\/span>\u00a0<span class=\"group-container children\" title=\"9x D\u011btsk\u00e9\"><span class=\"group-value\">9<\/span>\u00a0<span class=\"group-header\">D\u011btsk\u00e9<\/span><\/span>\u00a0<span class=\"group-container news\" title=\"1x Novinky\"><span class=\"group-value\">1<\/span>\u00a0<span class=\"group-header\">Novinky<\/span><\/span>\u00a0<span class=\"group-container foreign\" title=\"5x Zahrani\u010dn\u00ed\"><span class=\"group-value\">5<\/span>\u00a0<span class=\"group-header\">Zahrani\u010dn\u00ed<\/span><\/span><span class=\"group-container erotic\" title=\"2x Erotick\u00e9\"><span class=\"group-value\">2<\/span>\u00a0<span class=\"group-header\">Erotick\u00e9<\/span><\/span>\u00a0<span class=\"group-container regional\" title=\"1x Regional\"><span class=\"group-value\">1<\/span>\u00a0<span class=\"group-header\">Regional<\/span><\/span><\/em><\/div>\n<\/div>\n<\/div>\n<p class=\"note\">* HD kvalita je dostupn\u00e1 pouze ve vybran\u00fdch typech p\u0159ipojen\u00ed.<\/p>\n","protected":false},"excerpt":{"rendered":"<p>Spolek bubakov.net proch\u00e1z\u00ed obddob\u00edm zm\u011bn sv\u00fdch aktivit. TV pro \u010dleny je jednou z&nbsp;t\u011bch, kter\u00fdm se ji\u017e nad\u00e1le nebude v\u011bnovat. N\u00ed\u017ee naleznete ji\u017e jen popis toho, z&nbsp;\u010deho se z&nbsp;titulu sv\u00e9ho \u010dlenstv\u00ed &#8230;<\/p>\n","protected":false},"author":5,"featured_media":945,"parent":0,"menu_order":0,"comment_status":"closed","ping_status":"closed","template":"template_parts\/page-sluzby.php","meta":{"inline_featured_image":false,"footnotes":""},"class_list":["post-949","page","type-page","status-publish","has-post-thumbnail","hentry"],"publishpress_future_workflow_manual_trigger":{"enabledWorkflows":[]},"_links":{"self":[{"href":"https:\/\/www.bubakov.net\/index.php?rest_route=\/wp\/v2\/pages\/949","targetHints":{"allow":["GET"]}}],"collection":[{"href":"https:\/\/www.bubakov.net\/index.php?rest_route=\/wp\/v2\/pages"}],"about":[{"href":"https:\/\/www.bubakov.net\/index.php?rest_route=\/wp\/v2\/types\/page"}],"author":[{"embeddable":true,"href":"https:\/\/www.bubakov.net\/index.php?rest_route=\/wp\/v2\/users\/5"}],"replies":[{"embeddable":true,"href":"https:\/\/www.bubakov.net\/index.php?rest_route=%2Fwp%2Fv2%2Fcomments&post=949"}],"version-history":[{"count":30,"href":"https:\/\/www.bubakov.net\/index.php?rest_route=\/wp\/v2\/pages\/949\/revisions"}],"predecessor-version":[{"id":5048,"href":"https:\/\/www.bubakov.net\/index.php?rest_route=\/wp\/v2\/pages\/949\/revisions\/5048"}],"wp:featuredmedia":[{"embeddable":true,"href":"https:\/\/www.bubakov.net\/index.php?rest_route=\/wp\/v2\/media\/945"}],"wp:attachment":[{"href":"https:\/\/www.bubakov.net\/index.php?rest_route=%2Fwp%2Fv2%2Fmedia&parent=949"}],"curies":[{"name":"wp","href":"https:\/\/api.w.org\/{rel}","templated":true}]}}