{"id":960,"date":"2017-05-29T21:52:43","date_gmt":"2017-05-29T19:52:43","guid":{"rendered":"https:\/\/www.bubakov.net\/?page_id=960"},"modified":"2021-02-08T13:04:55","modified_gmt":"2021-02-08T12:04:55","slug":"clenove-predstavenstva","status":"publish","type":"page","link":"https:\/\/www.bubakov.net\/?page_id=960","title":{"rendered":"Veden\u00ed spolku"},"content":{"rendered":"<h2>Rada spolku<\/h2>\n<ul>\n<li>Martin Jirkovsk\u00fd &#8211; p\u0159edseda<\/li>\n<li>Dana Zelenkov\u00e1 &#8211; m\u00edstop\u0159edsedkyn\u011b<\/li>\n<li>Pavel Nov\u00e1k &#8211; \u010dlen rady<\/li>\n<\/ul>\n<h2>Revizor<\/h2>\n<ul>\n<li>Pavel Frol\u00edk<\/li>\n<\/ul>\n","protected":false},"excerpt":{"rendered":"<p>Rada spolku Martin Jirkovsk\u00fd &#8211; p\u0159edseda Dana Zelenkov\u00e1 &#8211; m\u00edstop\u0159edsedkyn\u011b Pavel Nov\u00e1k &#8211; \u010dlen rady Revizor Pavel Frol\u00edk<\/p>\n","protected":false},"author":5,"featured_media":0,"parent":350,"menu_order":2,"comment_status":"closed","ping_status":"closed","template":"","meta":{"inline_featured_image":false,"footnotes":""},"class_list":["post-960","page","type-page","status-publish","hentry"],"publishpress_future_workflow_manual_trigger":{"enabledWorkflows":[]},"_links":{"self":[{"href":"https:\/\/www.bubakov.net\/index.php?rest_route=\/wp\/v2\/pages\/960","targetHints":{"allow":["GET"]}}],"collection":[{"href":"https:\/\/www.bubakov.net\/index.php?rest_route=\/wp\/v2\/pages"}],"about":[{"href":"https:\/\/www.bubakov.net\/index.php?rest_route=\/wp\/v2\/types\/page"}],"author":[{"embeddable":true,"href":"https:\/\/www.bubakov.net\/index.php?rest_route=\/wp\/v2\/users\/5"}],"replies":[{"embeddable":true,"href":"https:\/\/www.bubakov.net\/index.php?rest_route=%2Fwp%2Fv2%2Fcomments&post=960"}],"version-history":[{"count":6,"href":"https:\/\/www.bubakov.net\/index.php?rest_route=\/wp\/v2\/pages\/960\/revisions"}],"predecessor-version":[{"id":3405,"href":"https:\/\/www.bubakov.net\/index.php?rest_route=\/wp\/v2\/pages\/960\/revisions\/3405"}],"up":[{"embeddable":true,"href":"https:\/\/www.bubakov.net\/index.php?rest_route=\/wp\/v2\/pages\/350"}],"wp:attachment":[{"href":"https:\/\/www.bubakov.net\/index.php?rest_route=%2Fwp%2Fv2%2Fmedia&parent=960"}],"curies":[{"name":"wp","href":"https:\/\/api.w.org\/{rel}","templated":true}]}}