{"id":962,"date":"2017-05-29T21:53:11","date_gmt":"2017-05-29T19:53:11","guid":{"rendered":"https:\/\/www.bubakov.net\/?page_id=962"},"modified":"2022-11-18T08:50:44","modified_gmt":"2022-11-18T07:50:44","slug":"vyhody-clenstvi","status":"publish","type":"page","link":"https:\/\/www.bubakov.net\/?page_id=962","title":{"rendered":"Z\u00e1kladn\u00ed informace"},"content":{"rendered":"<h3>Z\u00e1kladn\u00ed dokumenty<\/h3>\n<ul>\n<li><strong>Stanovy<\/strong>\n<ul>\n<li><a href=\"https:\/\/www.bubakov.net\/wp-content\/uploads\/2022\/11\/SBN-2022-10-stanovy-navrh-vf.pdf\">Stanovy spolku<\/a> (pdf)\n<ul>\n<li><a href=\"https:\/\/www.bubakov.net\/wp-content\/uploads\/2018\/05\/SBN-2018-04-01-stanovy.pdf\">Stanovy spolku platn\u00e9 od 1.4.2018 do 24.10.2022<\/a> (ji\u017e neplatn\u00e9)(pdf)<\/li>\n<li><a href=\"https:\/\/www.bubakov.net\/wp-content\/uploads\/2013\/09\/OSBN-2013-10-04-stanovy-schvalene.pdf\">Stanovy platn\u00e9 od 1.1.2014 do 31.3.2017<\/a>\u00a0(ji\u017e neplatn\u00e9) (pdf)<\/li>\n<li><a href=\"\/wp-content\/uploads\/2013\/10\/OSBN-2008-08-stanovy-navrh-final.pdf\">Stanovy platn\u00e9 do 31.12.2013<\/a>\u00a0(ji\u017e neplatn\u00e9) (pdf)<\/li>\n<\/ul>\n<\/li>\n<\/ul>\n<\/li>\n<li><strong>Vnit\u0159n\u00ed \u0159\u00e1d<\/strong>\n<ul>\n<li><a href=\"\/wp-content\/uploads\/2017\/06\/SBN-2017-vnitrnirad.pdf\">Vnit\u0159n\u00ed \u0159\u00e1d (platn\u00fd od 3.6.2017)<\/a>\n<ul>\n<li><a href=\"\/wp-content\/uploads\/2013\/10\/OSBN-2008-vnitrni-rad-final.pdf\">Vnit\u0159n\u00ed \u0159\u00e1d (ji\u017e neplatn\u00fd)<\/a> (pdf)<\/li>\n<\/ul>\n<\/li>\n<\/ul>\n<\/li>\n<li><strong>P\u0159ihl\u00e1\u0161ka do spolku<\/strong>\n<ul>\n<li><a href=\"https:\/\/www.bubakov.net\/wp-content\/uploads\/2018\/05\/SBN-2018-prihlaska_GDPR.pdf\">p\u0159ihl\u00e1\u0161ka pro fyzick\u00e9 osoby<\/a> (pdf)<\/li>\n<li><a href=\"https:\/\/www.bubakov.net\/wp-content\/uploads\/2018\/05\/SBN-2018-prihlaska_GDPR_PO.pdf\">p\u0159ihl\u00e1\u0161ka pro pr\u00e1vnick\u00e9 osoby<\/a> (pdf)<\/li>\n<\/ul>\n<\/li>\n<li><strong>Sd\u011blen\u00ed o pr\u00e1vech v&nbsp;oblasti ochrany osobn\u00edch \u00fadaj\u016f<\/strong>\n<ul>\n<li><a href=\"https:\/\/www.bubakov.net\/wp-content\/uploads\/2018\/05\/2018-05-Sdeleni_o_pravech_cl_15_22_GDPR.pdf\">Sd\u011blen\u00ed o pr\u00e1vech v&nbsp;oblasti ochrany osobn\u00edch \u00fadaj\u016f<\/a>\u00a0(pdf)<\/li>\n<\/ul>\n<\/li>\n<li><a href=\"\/?p=90\">Z\u00e1pisy ze sch\u016fze \u010dlen\u016f<\/a><\/li>\n<\/ul>\n<p><strong>\u010clensk\u00e9 p\u0159\u00edsp\u011bvky<\/strong><\/p>\n<ul>\n<li>v\u00fd\u0161e m\u011bs\u00ed\u010dn\u00edho \u010dlensk\u00e9ho p\u0159\u00edsp\u011bvku 220&nbsp;K\u010d; od 1.4.&nbsp;2021 nov\u011b <strong>290&nbsp;K\u010d<\/strong><\/li>\n<li><strong>splatnost<\/strong> m\u011bs\u00ed\u010dn\u00edho \u010dlensk\u00e9ho p\u0159\u00edsp\u011bvku na <strong>10.&nbsp;den v&nbsp;m\u011bs\u00edci, na kter\u00fd se plat\u00ed<\/strong>.<\/li>\n<\/ul>\n","protected":false},"excerpt":{"rendered":"<p>Z\u00e1kladn\u00ed dokumenty Stanovy Stanovy spolku (pdf) Stanovy spolku platn\u00e9 od 1.4.2018 do 24.10.2022 (ji\u017e neplatn\u00e9)(pdf) Stanovy platn\u00e9 od 1.1.2014 do 31.3.2017\u00a0(ji\u017e neplatn\u00e9) (pdf) Stanovy platn\u00e9 do 31.12.2013\u00a0(ji\u017e neplatn\u00e9) (pdf) Vnit\u0159n\u00ed &#8230;<\/p>\n","protected":false},"author":5,"featured_media":0,"parent":350,"menu_order":3,"comment_status":"closed","ping_status":"closed","template":"","meta":{"inline_featured_image":false,"footnotes":""},"class_list":["post-962","page","type-page","status-publish","hentry"],"publishpress_future_workflow_manual_trigger":{"enabledWorkflows":[]},"_links":{"self":[{"href":"https:\/\/www.bubakov.net\/index.php?rest_route=\/wp\/v2\/pages\/962","targetHints":{"allow":["GET"]}}],"collection":[{"href":"https:\/\/www.bubakov.net\/index.php?rest_route=\/wp\/v2\/pages"}],"about":[{"href":"https:\/\/www.bubakov.net\/index.php?rest_route=\/wp\/v2\/types\/page"}],"author":[{"embeddable":true,"href":"https:\/\/www.bubakov.net\/index.php?rest_route=\/wp\/v2\/users\/5"}],"replies":[{"embeddable":true,"href":"https:\/\/www.bubakov.net\/index.php?rest_route=%2Fwp%2Fv2%2Fcomments&post=962"}],"version-history":[{"count":13,"href":"https:\/\/www.bubakov.net\/index.php?rest_route=\/wp\/v2\/pages\/962\/revisions"}],"predecessor-version":[{"id":4380,"href":"https:\/\/www.bubakov.net\/index.php?rest_route=\/wp\/v2\/pages\/962\/revisions\/4380"}],"up":[{"embeddable":true,"href":"https:\/\/www.bubakov.net\/index.php?rest_route=\/wp\/v2\/pages\/350"}],"wp:attachment":[{"href":"https:\/\/www.bubakov.net\/index.php?rest_route=%2Fwp%2Fv2%2Fmedia&parent=962"}],"curies":[{"name":"wp","href":"https:\/\/api.w.org\/{rel}","templated":true}]}}