{"id":968,"date":"2017-05-29T21:55:19","date_gmt":"2017-05-29T19:55:19","guid":{"rendered":"https:\/\/www.bubakov.net\/?page_id=968"},"modified":"2022-02-18T08:35:10","modified_gmt":"2022-02-18T07:35:10","slug":"kontakt","status":"publish","type":"page","link":"https:\/\/www.bubakov.net\/?page_id=968","title":{"rendered":"Kontakt"},"content":{"rendered":"<h2>Spolek bubakov.net<\/h2>\n<p>Havl\u00ed\u010dkova 500<br \/>\n271&nbsp;01 Nov\u00e9 Stra\u0161ec\u00ed<\/p>\n<p>Telefon: +420&nbsp;317&nbsp;471&nbsp;380<br \/>\nE-mail: <a href=\"mailto:podpora@bubakov.net\">podpora@bubakov.net<\/a><\/p>\n<p>I\u010c: 266&nbsp;786&nbsp;41<\/p>\n","protected":false},"excerpt":{"rendered":"<p>Spolek bubakov.net Havl\u00ed\u010dkova 500&nbsp;271&nbsp;01 Nov\u00e9 Stra\u0161ec\u00ed Telefon: +420&nbsp;317&nbsp;471&nbsp;380 E-mail: podpora@bubakov.net I\u010c: 266&nbsp;786&nbsp;41<\/p>\n","protected":false},"author":5,"featured_media":0,"parent":0,"menu_order":0,"comment_status":"closed","ping_status":"closed","template":"template_parts\/page-contact.php","meta":{"inline_featured_image":false,"footnotes":""},"class_list":["post-968","page","type-page","status-publish","hentry"],"publishpress_future_workflow_manual_trigger":{"enabledWorkflows":[]},"_links":{"self":[{"href":"https:\/\/www.bubakov.net\/index.php?rest_route=\/wp\/v2\/pages\/968","targetHints":{"allow":["GET"]}}],"collection":[{"href":"https:\/\/www.bubakov.net\/index.php?rest_route=\/wp\/v2\/pages"}],"about":[{"href":"https:\/\/www.bubakov.net\/index.php?rest_route=\/wp\/v2\/types\/page"}],"author":[{"embeddable":true,"href":"https:\/\/www.bubakov.net\/index.php?rest_route=\/wp\/v2\/users\/5"}],"replies":[{"embeddable":true,"href":"https:\/\/www.bubakov.net\/index.php?rest_route=%2Fwp%2Fv2%2Fcomments&post=968"}],"version-history":[{"count":9,"href":"https:\/\/www.bubakov.net\/index.php?rest_route=\/wp\/v2\/pages\/968\/revisions"}],"predecessor-version":[{"id":3702,"href":"https:\/\/www.bubakov.net\/index.php?rest_route=\/wp\/v2\/pages\/968\/revisions\/3702"}],"wp:attachment":[{"href":"https:\/\/www.bubakov.net\/index.php?rest_route=%2Fwp%2Fv2%2Fmedia&parent=968"}],"curies":[{"name":"wp","href":"https:\/\/api.w.org\/{rel}","templated":true}]}}