{"id":971,"date":"2017-05-29T21:55:52","date_gmt":"2017-05-29T19:55:52","guid":{"rendered":"https:\/\/www.bubakov.net\/?page_id=971"},"modified":"2018-05-25T07:21:57","modified_gmt":"2018-05-25T05:21:57","slug":"chci-se-pridat","status":"publish","type":"page","link":"https:\/\/www.bubakov.net\/?page_id=971","title":{"rendered":"Chci se p\u0159idat"},"content":{"rendered":"<p>Jestli\u017ee jste se rozhodli po p\u0159e\u010dten\u00ed informac\u00ed o na\u0161em spolku p\u0159ipojit, je zapot\u0159eb\u00ed ud\u011blat n\u00e1sleduj\u00edc\u00ed kroky:<!--more--><\/p>\n<ol>\n<li>Vyplnit <a href=\"https:\/\/www.bubakov.net\/wp-content\/uploads\/2018\/05\/SBN-2018-prihlaska_GDPR.pdf\">p\u0159ihl\u00e1\u0161ku do spolku<\/a>\u00a0(pro pr\u00e1vnick\u00e9 osoby <a href=\"https:\/\/www.bubakov.net\/wp-content\/uploads\/2018\/05\/SBN-2018-prihlaska_GDPR_PO.pdf\">zde<\/a>)\u00a0a odeslat ji na <a href=\"\/?page_id=968\">adresu spolku<\/a><\/li>\n<li>V p\u0159\u00edpad\u011b z\u00e1jmu o vyu\u017e\u00edv\u00e1n\u00ed elektronick\u00e9 komunitn\u00ed s\u00edt\u011b spolku\n<ul>\n<li>Zjistit si dostupnost p\u0159ipojen\u00ed k&nbsp;elektronick\u00e9 s\u00edti (nap\u0159. na podpora@bubakov.net)<\/li>\n<li>P\u0159ipojit se k&nbsp;s\u00edti spolku zp\u016fsobem konzultovan\u00fdm s&nbsp;technickou podporou (nap\u0159. na podpora@bubakov.net nebo telefonicky)<\/li>\n<\/ul>\n<\/li>\n<li>Hradit \u010dlensk\u00e9 p\u0159\u00edsp\u011bvky na bankovn\u00ed \u00fa\u010det spolku s&nbsp;p\u0159id\u011blen\u00fdm variabiln\u00edm symbolem (viz pati\u010dka t\u00e9to str\u00e1nky)<\/li>\n<li>Pom\u00e1hat p\u0159i realizaci aktivit sdru\u017een\u00ed. A nebo je p\u0159\u00edmo vym\u00fd\u0161let!<\/li>\n<\/ol>\n<p>Nen\u00ed-li z&nbsp;toho n\u011bco jasn\u00e9, nev\u00e1hejte se zeptat:<\/p>\n<ul>\n<li>mailem &#8211;\u00a0<a href=\"mailto:podpora@bubakov.net\">podpora@bubakov.net<\/a>\u00a0\u010di<\/li>\n<li>telefonem 317&nbsp;471&nbsp;380.<\/li>\n<\/ul>\n","protected":false},"excerpt":{"rendered":"<p>Jestli\u017ee jste se rozhodli po p\u0159e\u010dten\u00ed informac\u00ed o na\u0161em spolku p\u0159ipojit, je zapot\u0159eb\u00ed ud\u011blat n\u00e1sleduj\u00edc\u00ed kroky:<\/p>\n","protected":false},"author":5,"featured_media":0,"parent":0,"menu_order":0,"comment_status":"closed","ping_status":"closed","template":"","meta":{"inline_featured_image":false,"footnotes":""},"class_list":["post-971","page","type-page","status-publish","hentry"],"publishpress_future_workflow_manual_trigger":{"enabledWorkflows":[]},"_links":{"self":[{"href":"https:\/\/www.bubakov.net\/index.php?rest_route=\/wp\/v2\/pages\/971","targetHints":{"allow":["GET"]}}],"collection":[{"href":"https:\/\/www.bubakov.net\/index.php?rest_route=\/wp\/v2\/pages"}],"about":[{"href":"https:\/\/www.bubakov.net\/index.php?rest_route=\/wp\/v2\/types\/page"}],"author":[{"embeddable":true,"href":"https:\/\/www.bubakov.net\/index.php?rest_route=\/wp\/v2\/users\/5"}],"replies":[{"embeddable":true,"href":"https:\/\/www.bubakov.net\/index.php?rest_route=%2Fwp%2Fv2%2Fcomments&post=971"}],"version-history":[{"count":9,"href":"https:\/\/www.bubakov.net\/index.php?rest_route=\/wp\/v2\/pages\/971\/revisions"}],"predecessor-version":[{"id":1626,"href":"https:\/\/www.bubakov.net\/index.php?rest_route=\/wp\/v2\/pages\/971\/revisions\/1626"}],"wp:attachment":[{"href":"https:\/\/www.bubakov.net\/index.php?rest_route=%2Fwp%2Fv2%2Fmedia&parent=971"}],"curies":[{"name":"wp","href":"https:\/\/api.w.org\/{rel}","templated":true}]}}